{"id":64,"date":"2023-08-27T17:01:28","date_gmt":"2023-08-27T15:01:28","guid":{"rendered":"https:\/\/gfconcept.fr\/?page_id=64"},"modified":"2024-02-17T23:54:15","modified_gmt":"2024-02-17T22:54:15","slug":"mentions-legales","status":"publish","type":"page","link":"https:\/\/www.gfconcept.fr\/index.php\/mentions-legales\/","title":{"rendered":"Mentions L\u00e9gales"},"content":{"rendered":"\t\t<div data-elementor-type=\"wp-page\" data-elementor-id=\"64\" class=\"elementor elementor-64\">\n\t\t\t\t\t\t<section class=\"elementor-section elementor-top-section elementor-element elementor-element-0f6ed4f elementor-section-boxed elementor-section-height-default elementor-section-height-default\" data-id=\"0f6ed4f\" data-element_type=\"section\">\n\t\t\t\t\t\t<div class=\"elementor-container elementor-column-gap-default\">\n\t\t\t\t\t<div class=\"elementor-column elementor-col-100 elementor-top-column elementor-element elementor-element-325a73e\" data-id=\"325a73e\" data-element_type=\"column\">\n\t\t\t<div class=\"elementor-widget-wrap elementor-element-populated\">\n\t\t\t\t\t\t<div class=\"elementor-element elementor-element-9f27db5 elementor-widget elementor-widget-text-editor\" data-id=\"9f27db5\" data-element_type=\"widget\" data-widget_type=\"text-editor.default\">\n\t\t\t\t<div class=\"elementor-widget-container\">\n\t\t\t<style>\/*! elementor - v3.19.0 - 07-02-2024 *\/\n.elementor-widget-text-editor.elementor-drop-cap-view-stacked .elementor-drop-cap{background-color:#69727d;color:#fff}.elementor-widget-text-editor.elementor-drop-cap-view-framed .elementor-drop-cap{color:#69727d;border:3px solid;background-color:transparent}.elementor-widget-text-editor:not(.elementor-drop-cap-view-default) .elementor-drop-cap{margin-top:8px}.elementor-widget-text-editor:not(.elementor-drop-cap-view-default) .elementor-drop-cap-letter{width:1em;height:1em}.elementor-widget-text-editor .elementor-drop-cap{float:left;text-align:center;line-height:1;font-size:50px}.elementor-widget-text-editor .elementor-drop-cap-letter{display:inline-block}<\/style>\t\t\t\t<h4 class=\"mentions-legales-title-3\">\u00c9diteur du site<\/h4><p class=\"mentions-legales-paragraph\">GF Concept\u00a0<br \/>23B Imp. des plantiers<br \/>13890 MOURIES\u00a0<br \/>FRANCE<br \/>gfconcept13@gmail.com<br \/>T\u00e9l. : 07 82 15 84 92 \/ 06 95 78 09 06<\/p><p class=\"mentions-legales-paragraph\">SIRET 949795300010 &#8211; R.C.S. Tarascon<br \/>Num\u00e9ro de TVA intracommunautaire : FR55949795173<br \/>Soci\u00e9t\u00e9 par actions simplifi\u00e9e au capital de 100 \u20ac<\/p><h4 class=\"mentions-legales-title-3\">R\u00e9dacteur du site Internet<\/h4><p class=\"mentions-legales-paragraph\">GF Concept\u00a0<br \/>gfconcept13@gmail.com<br \/>T\u00e9l. : 07 82 15 84 92 \/ 06 95 78 09 06<\/p><h4 class=\"mentions-legales-title-3\">H\u00e9bergeur du site Internet<\/h4><p class=\"mentions-legales-paragraph\">Ce site est h\u00e9berg\u00e9 par OVH SAS, 2 rue Kellermann 59100 Roubaix<\/p><h4 class=\"mentions-legales-title-3\">Respect de la propri\u00e9t\u00e9 intellectuelle<\/h4><p class=\"mentions-legales-paragraph\">Toutes les marques, photographies, textes, commentaires, illustrations, photo, vid\u00e9o, sons, sont prot\u00e9g\u00e9s par les lois en vigueur au titre de la propri\u00e9t\u00e9 intellectuelle.<\/p><p>Ils sont la propri\u00e9t\u00e9 pleine et enti\u00e8re de GF concept ou de tiers ayant autoris\u00e9 GF concept \u00e0 les utiliser. Toute reproduction, repr\u00e9sentation, utilisation ou adaptation, sous quelque forme que ce soit, de tout ou partie de ces \u00e9l\u00e9ments, sans l&rsquo;accord pr\u00e9alable et \u00e9crit de GF concept, sont strictement interdites. Le fait pour GF concept de ne pas engager de proc\u00e9dure d\u00e8s la prise de connaissance de ces utilisations non autoris\u00e9es ne vaut pas acceptation desdites utilisations et renonciation aux poursuites.<\/p><p>La reprise de tout ou partie de ce contenu n\u00e9cessite l&rsquo;autorisation pr\u00e9alable de GF concept ou du tiers titulaire des droits sur le contenu.<\/p><h4 class=\"mentions-legales-title-3\">Donn\u00e9es personnelles<\/h4><p class=\"mentions-legales-paragraph\">Ce site GF concept ne collecte aucune de vos donn\u00e9es personnelles. Vous ne trouverez donc sur ce site aucune interface visible de collecte de donn\u00e9es (via une inscription \u00e0 une newsletter ou \u00e0 un formulaire de contact par exemple), ni aucune fonctionnalit\u00e9 invisible (via un module de mesure d&rsquo;audience ou de partage sur les r\u00e9seaux sociaux par exemple).<\/p><p>Les seules donn\u00e9es personnelles recueillies seront celles que vous voudrez bien nous communiquer en prenant contact avec nous par mail ou par t\u00e9l\u00e9phone (coordonn\u00e9es et informations de contact). <br \/>Ces donn\u00e9es personnelles seront uniquement utilis\u00e9es pour r\u00e9pondre \u00e0 une demande, ou pour l&rsquo;ex\u00e9cution et le suivi d&rsquo;un contrat (\u00e9changes avec le client, envois de documents du projet, etc.).<br \/>Ces donn\u00e9es personnelles seront exclusivement utilis\u00e9es par GF concept et potentiellement par les collaborateurs proches du projet (architecte d&rsquo;int\u00e9rieur, artisan).<br \/>Toutes ces donn\u00e9es resteront \u00e9videmment strictement confidentielles, prot\u00e9g\u00e9es, et ne seront en aucun cas communiqu\u00e9es et c\u00e9d\u00e9es \u00e0 des tiers, sauf aux collaborateurs proches du projet.<br \/>Ces donn\u00e9es seront utilis\u00e9es le temps des \u00e9changes avec l&rsquo;interlocuteur, ou le temps de la relation contractuelle (jusqu&rsquo;\u00e0 la fin du projet), ou pendant toute la dur\u00e9e de la relation client (suivi du projet, nouveaux projets).<\/p><p>Conform\u00e9ment aux dispositions des articles et de la loi 78-17 du 6 janvier 1978 relative \u00e0 l\u2019informatique, aux fichiers et aux libert\u00e9s, tout utilisateur dispose d\u2019un droit d\u2019acc\u00e8s, de rectification et d\u2019opposition aux donn\u00e9es personnelles le concernant, qu&rsquo;il peut exercer en s\u2019adressant \u00e0 gfconcept13@gmail.com en pr\u00e9cisant dans l\u2019objet du courriel \u00ab Droit des personnes \u00bb et en joignant la copie de son justificatif d\u2019identit\u00e9. L\u2019utilisateur peut \u00e9galement s\u2019opposer, pour des motifs l\u00e9gitimes \u00e0 ce que ses donn\u00e9es fassent l\u2019objet d\u2019un traitement et sans motif et sans frais, \u00e0 ce que ses donn\u00e9es soient utilis\u00e9es \u00e0 des fins de prospection commerciale.<\/p><h4 class=\"mentions-legales-title-3\">Cookies<\/h4><p class=\"mentions-legales-paragraph\">La navigation sur le site wwwgfconcept.fr est susceptible de provoquer l\u2019installation de cookie(s) sur l\u2019ordinateur de l\u2019utilisateur. Un cookie est un fichier de petite taille, qui ne permet pas l\u2019identification de l\u2019utilisateur, mais qui enregistre des informations relatives \u00e0 la navigation d\u2019un ordinateur sur un site. Les donn\u00e9es ainsi obtenues visent \u00e0 faciliter la navigation ult\u00e9rieure sur le site, et ont \u00e9galement vocation \u00e0 permettre diverses mesures de fr\u00e9quentation.<\/p>\t\t\t\t\t\t<\/div>\n\t\t\t\t<\/div>\n\t\t\t\t\t<\/div>\n\t\t<\/div>\n\t\t\t\t\t<\/div>\n\t\t<\/section>\n\t\t\t\t<\/div>\n\t\t","protected":false},"excerpt":{"rendered":"<p>\u00c9diteur du site GF Concept\u00a023B Imp. des plantiers13890 MOURIES\u00a0FRANCEgfconcept13@gmail.comT\u00e9l. : 07 82 15 84 92 \/ 06 95 78 09 06 SIRET 949795300010 &#8211; R.C.S. TarasconNum\u00e9ro de TVA intracommunautaire : FR55949795173Soci\u00e9t\u00e9 par actions simplifi\u00e9e au capital de 100 \u20ac R\u00e9dacteur du site Internet GF Concept\u00a0gfconcept13@gmail.comT\u00e9l. : 07 82 15 84 92 \/ 06 95 78 [&hellip;]<\/p>\n","protected":false},"author":1,"featured_media":0,"parent":0,"menu_order":0,"comment_status":"closed","ping_status":"closed","template":"","meta":{"ocean_post_layout":"","ocean_both_sidebars_style":"","ocean_both_sidebars_content_width":0,"ocean_both_sidebars_sidebars_width":0,"ocean_sidebar":"0","ocean_second_sidebar":"0","ocean_disable_margins":"enable","ocean_add_body_class":"","ocean_shortcode_before_top_bar":"","ocean_shortcode_after_top_bar":"","ocean_shortcode_before_header":"","ocean_shortcode_after_header":"","ocean_has_shortcode":"","ocean_shortcode_after_title":"","ocean_shortcode_before_footer_widgets":"","ocean_shortcode_after_footer_widgets":"","ocean_shortcode_before_footer_bottom":"","ocean_shortcode_after_footer_bottom":"","ocean_display_top_bar":"default","ocean_display_header":"default","ocean_header_style":"","ocean_center_header_left_menu":"0","ocean_custom_header_template":"0","ocean_custom_logo":0,"ocean_custom_retina_logo":0,"ocean_custom_logo_max_width":0,"ocean_custom_logo_tablet_max_width":0,"ocean_custom_logo_mobile_max_width":0,"ocean_custom_logo_max_height":0,"ocean_custom_logo_tablet_max_height":0,"ocean_custom_logo_mobile_max_height":0,"ocean_header_custom_menu":"0","ocean_menu_typo_font_family":"0","ocean_menu_typo_font_subset":"","ocean_menu_typo_font_size":0,"ocean_menu_typo_font_size_tablet":0,"ocean_menu_typo_font_size_mobile":0,"ocean_menu_typo_font_size_unit":"px","ocean_menu_typo_font_weight":"","ocean_menu_typo_font_weight_tablet":"","ocean_menu_typo_font_weight_mobile":"","ocean_menu_typo_transform":"","ocean_menu_typo_transform_tablet":"","ocean_menu_typo_transform_mobile":"","ocean_menu_typo_line_height":0,"ocean_menu_typo_line_height_tablet":0,"ocean_menu_typo_line_height_mobile":0,"ocean_menu_typo_line_height_unit":"","ocean_menu_typo_spacing":0,"ocean_menu_typo_spacing_tablet":0,"ocean_menu_typo_spacing_mobile":0,"ocean_menu_typo_spacing_unit":"","ocean_menu_link_color":"","ocean_menu_link_color_hover":"","ocean_menu_link_color_active":"","ocean_menu_link_background":"","ocean_menu_link_hover_background":"","ocean_menu_link_active_background":"","ocean_menu_social_links_bg":"","ocean_menu_social_hover_links_bg":"","ocean_menu_social_links_color":"","ocean_menu_social_hover_links_color":"","ocean_disable_title":"default","ocean_disable_heading":"default","ocean_post_title":"","ocean_post_subheading":"","ocean_post_title_style":"","ocean_post_title_background_color":"","ocean_post_title_background":0,"ocean_post_title_bg_image_position":"","ocean_post_title_bg_image_attachment":"","ocean_post_title_bg_image_repeat":"","ocean_post_title_bg_image_size":"","ocean_post_title_height":0,"ocean_post_title_bg_overlay":0.5,"ocean_post_title_bg_overlay_color":"","ocean_disable_breadcrumbs":"default","ocean_breadcrumbs_color":"","ocean_breadcrumbs_separator_color":"","ocean_breadcrumbs_links_color":"","ocean_breadcrumbs_links_hover_color":"","ocean_display_footer_widgets":"default","ocean_display_footer_bottom":"default","ocean_custom_footer_template":"0","footnotes":""},"class_list":["post-64","page","type-page","status-publish","hentry","entry"],"yoast_head":"<!-- This site is optimized with the Yoast SEO plugin v22.1 - https:\/\/yoast.com\/wordpress\/plugins\/seo\/ -->\n<title>Mentions L\u00e9gales - GF Concept<\/title>\n<meta name=\"robots\" content=\"noindex, follow\" \/>\n<meta property=\"og:locale\" content=\"fr_FR\" \/>\n<meta property=\"og:type\" content=\"article\" \/>\n<meta property=\"og:title\" content=\"Mentions L\u00e9gales - GF Concept\" \/>\n<meta property=\"og:description\" content=\"\u00c9diteur du site GF Concept\u00a023B Imp. des plantiers13890 MOURIES\u00a0FRANCEgfconcept13@gmail.comT\u00e9l. : 07 82 15 84 92 \/ 06 95 78 09 06 SIRET 949795300010 &#8211; R.C.S. TarasconNum\u00e9ro de TVA intracommunautaire : FR55949795173Soci\u00e9t\u00e9 par actions simplifi\u00e9e au capital de 100 \u20ac R\u00e9dacteur du site Internet GF Concept\u00a0gfconcept13@gmail.comT\u00e9l. : 07 82 15 84 92 \/ 06 95 78 [&hellip;]\" \/>\n<meta property=\"og:url\" content=\"https:\/\/www.gfconcept.fr\/index.php\/mentions-legales\/\" \/>\n<meta property=\"og:site_name\" content=\"GF Concept\" \/>\n<meta property=\"article:publisher\" content=\"https:\/\/www.facebook.com\/profile.php?id=100090879874378\" \/>\n<meta property=\"article:modified_time\" content=\"2024-02-17T22:54:15+00:00\" \/>\n<meta name=\"twitter:card\" content=\"summary_large_image\" \/>\n<meta name=\"twitter:label1\" content=\"Dur\u00e9e de lecture estim\u00e9e\" \/>\n\t<meta name=\"twitter:data1\" content=\"3 minutes\" \/>\n<script type=\"application\/ld+json\" class=\"yoast-schema-graph\">{\"@context\":\"https:\/\/schema.org\",\"@graph\":[{\"@type\":\"WebPage\",\"@id\":\"https:\/\/www.gfconcept.fr\/index.php\/mentions-legales\/\",\"url\":\"https:\/\/www.gfconcept.fr\/index.php\/mentions-legales\/\",\"name\":\"Mentions L\u00e9gales - GF Concept\",\"isPartOf\":{\"@id\":\"https:\/\/www.gfconcept.fr\/#website\"},\"datePublished\":\"2023-08-27T15:01:28+00:00\",\"dateModified\":\"2024-02-17T22:54:15+00:00\",\"breadcrumb\":{\"@id\":\"https:\/\/www.gfconcept.fr\/index.php\/mentions-legales\/#breadcrumb\"},\"inLanguage\":\"fr-FR\",\"potentialAction\":[{\"@type\":\"ReadAction\",\"target\":[\"https:\/\/www.gfconcept.fr\/index.php\/mentions-legales\/\"]}]},{\"@type\":\"BreadcrumbList\",\"@id\":\"https:\/\/www.gfconcept.fr\/index.php\/mentions-legales\/#breadcrumb\",\"itemListElement\":[{\"@type\":\"ListItem\",\"position\":1,\"name\":\"Accueil\",\"item\":\"https:\/\/www.gfconcept.fr\/\"},{\"@type\":\"ListItem\",\"position\":2,\"name\":\"Mentions L\u00e9gales\"}]},{\"@type\":\"WebSite\",\"@id\":\"https:\/\/www.gfconcept.fr\/#website\",\"url\":\"https:\/\/www.gfconcept.fr\/\",\"name\":\"GF Concept\",\"description\":\"Cuisine et am\u00e9nagement\",\"publisher\":{\"@id\":\"https:\/\/www.gfconcept.fr\/#organization\"},\"potentialAction\":[{\"@type\":\"SearchAction\",\"target\":{\"@type\":\"EntryPoint\",\"urlTemplate\":\"https:\/\/www.gfconcept.fr\/?s={search_term_string}\"},\"query-input\":\"required name=search_term_string\"}],\"inLanguage\":\"fr-FR\"},{\"@type\":\"Organization\",\"@id\":\"https:\/\/www.gfconcept.fr\/#organization\",\"name\":\"GF Concept\",\"url\":\"https:\/\/www.gfconcept.fr\/\",\"logo\":{\"@type\":\"ImageObject\",\"inLanguage\":\"fr-FR\",\"@id\":\"https:\/\/www.gfconcept.fr\/#\/schema\/logo\/image\/\",\"url\":\"https:\/\/www.gfconcept.fr\/wp-content\/uploads\/2023\/08\/cropped-LOGO-GF-CONCEPT-4-sans-fond-3.png\",\"contentUrl\":\"https:\/\/www.gfconcept.fr\/wp-content\/uploads\/2023\/08\/cropped-LOGO-GF-CONCEPT-4-sans-fond-3.png\",\"width\":4348,\"height\":1667,\"caption\":\"GF Concept\"},\"image\":{\"@id\":\"https:\/\/www.gfconcept.fr\/#\/schema\/logo\/image\/\"},\"sameAs\":[\"https:\/\/www.facebook.com\/profile.php?id=100090879874378\"]}]}<\/script>\n<!-- \/ Yoast SEO plugin. -->","yoast_head_json":{"title":"Mentions L\u00e9gales - GF Concept","robots":{"index":"noindex","follow":"follow"},"og_locale":"fr_FR","og_type":"article","og_title":"Mentions L\u00e9gales - GF Concept","og_description":"\u00c9diteur du site GF Concept\u00a023B Imp. des plantiers13890 MOURIES\u00a0FRANCEgfconcept13@gmail.comT\u00e9l. : 07 82 15 84 92 \/ 06 95 78 09 06 SIRET 949795300010 &#8211; R.C.S. TarasconNum\u00e9ro de TVA intracommunautaire : FR55949795173Soci\u00e9t\u00e9 par actions simplifi\u00e9e au capital de 100 \u20ac R\u00e9dacteur du site Internet GF Concept\u00a0gfconcept13@gmail.comT\u00e9l. : 07 82 15 84 92 \/ 06 95 78 [&hellip;]","og_url":"https:\/\/www.gfconcept.fr\/index.php\/mentions-legales\/","og_site_name":"GF Concept","article_publisher":"https:\/\/www.facebook.com\/profile.php?id=100090879874378","article_modified_time":"2024-02-17T22:54:15+00:00","twitter_card":"summary_large_image","twitter_misc":{"Dur\u00e9e de lecture estim\u00e9e":"3 minutes"},"schema":{"@context":"https:\/\/schema.org","@graph":[{"@type":"WebPage","@id":"https:\/\/www.gfconcept.fr\/index.php\/mentions-legales\/","url":"https:\/\/www.gfconcept.fr\/index.php\/mentions-legales\/","name":"Mentions L\u00e9gales - GF Concept","isPartOf":{"@id":"https:\/\/www.gfconcept.fr\/#website"},"datePublished":"2023-08-27T15:01:28+00:00","dateModified":"2024-02-17T22:54:15+00:00","breadcrumb":{"@id":"https:\/\/www.gfconcept.fr\/index.php\/mentions-legales\/#breadcrumb"},"inLanguage":"fr-FR","potentialAction":[{"@type":"ReadAction","target":["https:\/\/www.gfconcept.fr\/index.php\/mentions-legales\/"]}]},{"@type":"BreadcrumbList","@id":"https:\/\/www.gfconcept.fr\/index.php\/mentions-legales\/#breadcrumb","itemListElement":[{"@type":"ListItem","position":1,"name":"Accueil","item":"https:\/\/www.gfconcept.fr\/"},{"@type":"ListItem","position":2,"name":"Mentions L\u00e9gales"}]},{"@type":"WebSite","@id":"https:\/\/www.gfconcept.fr\/#website","url":"https:\/\/www.gfconcept.fr\/","name":"GF Concept","description":"Cuisine et am\u00e9nagement","publisher":{"@id":"https:\/\/www.gfconcept.fr\/#organization"},"potentialAction":[{"@type":"SearchAction","target":{"@type":"EntryPoint","urlTemplate":"https:\/\/www.gfconcept.fr\/?s={search_term_string}"},"query-input":"required name=search_term_string"}],"inLanguage":"fr-FR"},{"@type":"Organization","@id":"https:\/\/www.gfconcept.fr\/#organization","name":"GF Concept","url":"https:\/\/www.gfconcept.fr\/","logo":{"@type":"ImageObject","inLanguage":"fr-FR","@id":"https:\/\/www.gfconcept.fr\/#\/schema\/logo\/image\/","url":"https:\/\/www.gfconcept.fr\/wp-content\/uploads\/2023\/08\/cropped-LOGO-GF-CONCEPT-4-sans-fond-3.png","contentUrl":"https:\/\/www.gfconcept.fr\/wp-content\/uploads\/2023\/08\/cropped-LOGO-GF-CONCEPT-4-sans-fond-3.png","width":4348,"height":1667,"caption":"GF Concept"},"image":{"@id":"https:\/\/www.gfconcept.fr\/#\/schema\/logo\/image\/"},"sameAs":["https:\/\/www.facebook.com\/profile.php?id=100090879874378"]}]}},"_links":{"self":[{"href":"https:\/\/www.gfconcept.fr\/index.php\/wp-json\/wp\/v2\/pages\/64","targetHints":{"allow":["GET"]}}],"collection":[{"href":"https:\/\/www.gfconcept.fr\/index.php\/wp-json\/wp\/v2\/pages"}],"about":[{"href":"https:\/\/www.gfconcept.fr\/index.php\/wp-json\/wp\/v2\/types\/page"}],"author":[{"embeddable":true,"href":"https:\/\/www.gfconcept.fr\/index.php\/wp-json\/wp\/v2\/users\/1"}],"replies":[{"embeddable":true,"href":"https:\/\/www.gfconcept.fr\/index.php\/wp-json\/wp\/v2\/comments?post=64"}],"version-history":[{"count":16,"href":"https:\/\/www.gfconcept.fr\/index.php\/wp-json\/wp\/v2\/pages\/64\/revisions"}],"predecessor-version":[{"id":477,"href":"https:\/\/www.gfconcept.fr\/index.php\/wp-json\/wp\/v2\/pages\/64\/revisions\/477"}],"wp:attachment":[{"href":"https:\/\/www.gfconcept.fr\/index.php\/wp-json\/wp\/v2\/media?parent=64"}],"curies":[{"name":"wp","href":"https:\/\/api.w.org\/{rel}","templated":true}]}}